{"id":6790,"date":"2020-12-28T11:05:11","date_gmt":"2020-12-28T11:05:11","guid":{"rendered":"https:\/\/demo4.drfuri.com\/razzi\/?post_type=product&#038;p=6790"},"modified":"2025-05-24T16:30:12","modified_gmt":"2025-05-24T08:30:12","slug":"ferrari","status":"publish","type":"product","link":"https:\/\/www.shidaiclima.com\/?product=ferrari","title":{"rendered":"BARRIERA D&#8217;ARIA FERRARI 90 CM VIVAIR VA CON TELECOMANDO 091021"},"content":{"rendered":"<p>Caratteristiche Tecniche<br \/>\nCodice Prodotto: 091021<br \/>\nAria : Fredda<br \/>\nTelecomando: in dotazione<br \/>\nAlimentazione 220\/240v a 50\/60 Hz<br \/>\nPortata d&#8217;aria max: 1150 m3h<br \/>\nConsumo: 160 W<br \/>\nVelocit\u00e0 dell aria max: 11 m\/sec<br \/>\nRumorosit\u00e0 &lt;57 dB(A)<br \/>\nDimensioni LxAxP 900x215x180 mm ; 11,5 Kg<\/p>\n","protected":false},"excerpt":{"rendered":"<p>La barriera d\u2019aria \u00e8 un&#8217;unit\u00e0 ventilante che crea un\u2019invisibile barriera d\u2019aria davanti alla porta sopra cui \u00e8 installata l\u2019unit\u00e0, separando in modo efficiente due ambienti differenti senza limitare il passaggio del pubblico o di veicoli mobili.<\/p>\n<p>Barriere-aira-vantaggi-benefici<\/p>\n<p>Questo sistema di risparmio energetico ad aria ci mostra che i costi si riducono fino al 80% migliorando la protezione del clima interno al locale ed incrementando sensibilmente il comfort di chi lo vive.<\/p>\n<p>Mantiene pulita l\u00b4atmosfera da parassiti e insetti, da polveri nell\u00b4aria, da inquinamento, da odori sgradevoli e le correnti d\u00b4aria fredda e calda in ingresso si fermano infrangendosi sulla parete creata dall\u2019unit\u00e0 ventilante.<\/p>\n<p>Il funzionamento della barriera d\u2019aria \u00e8 basato sulla velocit\u00e0 di uscit\u00e0 dell\u2019aria dalla bocca di lancio: \u00e8 importante che il lancio copra tutta la sezione del portale da isolare.<\/p>\n<p>Caratteristiche principali:<\/p>\n<p>Grande portata d\u0092aria<br \/>\nMantenimento temperatura interna<br \/>\nRisparmio energetico elevato<br \/>\nMassima silenziosit\u00e0<br \/>\nPossibilit\u00e0 di scelta ottimale del flusso<br \/>\nEsclusione di agenti atmosferici<br \/>\nEsclusione di agenti inquinanti<br \/>\nApplicazione possibile su tutti i tipi di porte d\u0092altezza non<br \/>\nsuperiore a:<br \/>\n3 mt (cod. 091016 &#8211; 091017 &#8211; 091018)<br \/>\n2,5 mt (cod.091019 &#8211; 091020)<br \/>\nAlimentazione: 230V 50Hz &#8211; Telecomando in dotazione.<\/p>\n","protected":false},"featured_media":12477,"comment_status":"open","ping_status":"closed","template":"","meta":[],"product_brand":[],"product_cat":[15],"product_tag":[],"class_list":{"0":"post-6790","1":"product","2":"type-product","3":"status-publish","4":"has-post-thumbnail","6":"product_cat-uncategorized","8":"first","9":"outofstock","10":"shipping-taxable","11":"purchasable","12":"product-type-simple"},"_links":{"self":[{"href":"https:\/\/www.shidaiclima.com\/index.php?rest_route=\/wp\/v2\/product\/6790","targetHints":{"allow":["GET"]}}],"collection":[{"href":"https:\/\/www.shidaiclima.com\/index.php?rest_route=\/wp\/v2\/product"}],"about":[{"href":"https:\/\/www.shidaiclima.com\/index.php?rest_route=\/wp\/v2\/types\/product"}],"replies":[{"embeddable":true,"href":"https:\/\/www.shidaiclima.com\/index.php?rest_route=%2Fwp%2Fv2%2Fcomments&post=6790"}],"wp:featuredmedia":[{"embeddable":true,"href":"https:\/\/www.shidaiclima.com\/index.php?rest_route=\/wp\/v2\/media\/12477"}],"wp:attachment":[{"href":"https:\/\/www.shidaiclima.com\/index.php?rest_route=%2Fwp%2Fv2%2Fmedia&parent=6790"}],"wp:term":[{"taxonomy":"product_brand","embeddable":true,"href":"https:\/\/www.shidaiclima.com\/index.php?rest_route=%2Fwp%2Fv2%2Fproduct_brand&post=6790"},{"taxonomy":"product_cat","embeddable":true,"href":"https:\/\/www.shidaiclima.com\/index.php?rest_route=%2Fwp%2Fv2%2Fproduct_cat&post=6790"},{"taxonomy":"product_tag","embeddable":true,"href":"https:\/\/www.shidaiclima.com\/index.php?rest_route=%2Fwp%2Fv2%2Fproduct_tag&post=6790"}],"curies":[{"name":"wp","href":"https:\/\/api.w.org\/{rel}","templated":true}]}}